{"id":674,"date":"2024-11-26T10:34:28","date_gmt":"2024-11-26T09:34:28","guid":{"rendered":"https:\/\/agathe-reflexologie.fr\/?page_id=674"},"modified":"2025-03-18T09:45:00","modified_gmt":"2025-03-18T08:45:00","slug":"reflexologie-et-soins-de-support","status":"publish","type":"page","link":"https:\/\/agathe-reflexologie.fr\/index.php\/reflexologie-et-soins-de-support\/","title":{"rendered":"R\u00e9flexologie et Soins de support"},"content":{"rendered":"<p>[et_pb_section fb_built=\u00a0\u00bb1&Prime; admin_label=\u00a0\u00bbAbout\u00a0\u00bb module_id=\u00a0\u00bbcures\u00a0\u00bb _builder_version=\u00a0\u00bb4.24.2&Prime; _module_preset=\u00a0\u00bbdefault\u00a0\u00bb background_color=\u00a0\u00bbgcid-de71f7e9-c73d-4bf6-9384-53a89cf199ff\u00a0\u00bb min_height=\u00a0\u00bb1487.6px\u00a0\u00bb custom_padding=\u00a0\u00bb2px||2px||true|false\u00a0\u00bb collapsed=\u00a0\u00bbon\u00a0\u00bb global_colors_info=\u00a0\u00bb{%22gcid-de71f7e9-c73d-4bf6-9384-53a89cf199ff%22:%91%22background_color%22%93}\u00a0\u00bb][et_pb_row _builder_version=\u00a0\u00bb4.27.4&Prime; _module_preset=\u00a0\u00bbdefault\u00a0\u00bb custom_padding=\u00a0\u00bb48px|||||\u00a0\u00bb global_colors_info=\u00a0\u00bb{}\u00a0\u00bb][et_pb_column type=\u00a0\u00bb4_4&Prime; _builder_version=\u00a0\u00bb4.20.0&Prime; _module_preset=\u00a0\u00bbdefault\u00a0\u00bb global_colors_info=\u00a0\u00bb{}\u00a0\u00bb][et_pb_heading title=\u00a0\u00bbR\u00e9flexologie et Soins de support\u00a0\u00bb _builder_version=\u00a0\u00bb4.27.4&Prime; _module_preset=\u00a0\u00bbdefault\u00a0\u00bb title_level=\u00a0\u00bbh2&Prime; title_font=\u00a0\u00bbPoppins|700|||||||\u00a0\u00bb title_text_align=\u00a0\u00bbcenter\u00a0\u00bb title_text_color=\u00a0\u00bb#8F8F8F\u00a0\u00bb title_font_size=\u00a0\u00bb33px\u00a0\u00bb title_line_height=\u00a0\u00bb1.2em\u00a0\u00bb width=\u00a0\u00bb100%\u00a0\u00bb custom_margin=\u00a0\u00bb-5px||||false|true\u00a0\u00bb custom_padding=\u00a0\u00bb||8px||false|false\u00a0\u00bb global_colors_info=\u00a0\u00bb{}\u00a0\u00bb][\/et_pb_heading][et_pb_text _builder_version=\u00a0\u00bb4.27.4&Prime; _module_preset=\u00a0\u00bbdefault\u00a0\u00bb text_text_color=\u00a0\u00bb#8f8f8f\u00a0\u00bb text_font_size=\u00a0\u00bb18px\u00a0\u00bb global_colors_info=\u00a0\u00bb{}\u00a0\u00bb]<\/p>\n<h2 style=\"text-align: center;\"><span style=\"color: #808080;\">La r\u00e9flexologie, source de bien-\u00eatre<\/span><\/h2>\n<p>[\/et_pb_text][et_pb_divider show_divider=\u00a0\u00bboff\u00a0\u00bb _builder_version=\u00a0\u00bb4.27.4&Prime; _module_preset=\u00a0\u00bbdefault\u00a0\u00bb global_colors_info=\u00a0\u00bb{}\u00a0\u00bb][\/et_pb_divider][\/et_pb_column][\/et_pb_row][et_pb_row column_structure=\u00a0\u00bb3_5,2_5&Prime; _builder_version=\u00a0\u00bb4.27.4&Prime; _module_preset=\u00a0\u00bbdefault\u00a0\u00bb min_height=\u00a0\u00bb261.1px\u00a0\u00bb global_colors_info=\u00a0\u00bb{}\u00a0\u00bb][et_pb_column type=\u00a0\u00bb3_5&Prime; _builder_version=\u00a0\u00bb4.27.4&Prime; _module_preset=\u00a0\u00bbdefault\u00a0\u00bb global_colors_info=\u00a0\u00bb{}\u00a0\u00bb][et_pb_text _builder_version=\u00a0\u00bb4.27.4&Prime; _module_preset=\u00a0\u00bbdefault\u00a0\u00bb inline_fonts=\u00a0\u00bbHomemade Apple\u00a0\u00bb global_colors_info=\u00a0\u00bb{}\u00a0\u00bb]<\/p>\n<p style=\"text-align: justify;\">La r\u00e9flexologie en soin de support est destin\u00e9e au personne fragilis\u00e9e par le cancer et \u00e0 leurs proches.<\/p>\n<ul>\n<li style=\"text-align: justify;\"><span style=\"font-size: medium;\">Un accompagnement adapt\u00e9 pour mieux vivre la maladie<\/span><\/li>\n<li style=\"text-align: justify;\"><span style=\"font-size: medium;\">Une s\u00e9ance de r\u00e9flexologie peut apporter : <strong>d\u00e9tente profonde, am\u00e9lioration de la digestion, r\u00e9gularisation du sommeil<\/strong><\/span><\/li>\n<li style=\"text-align: justify;\"><span style=\"font-size: medium;\">Pour plus de bien-\u00eatre et pour \u00e9viter les zones trop sensibles, les techniques de stimulation sont combin\u00e9es (pieds, mains, visage et oreilles)<\/span><\/li>\n<\/ul>\n<p style=\"text-align: center;\"><span style=\"font-family: Homemade Apple; font-weight: normal; font-size: large;\">\u00c9coute \u2022 D\u00e9tente \u2022 Sentiment de mieux-\u00eatre<\/span><span style=\"font-size: medium;\"><\/span><\/p>\n<p style=\"text-align: justify;\">La s\u00e9ance de r\u00e9flexologie dure 30mn et peut se d\u00e9rouler au cabinet et en service ambulatoire. Ces s\u00e9ances s&rsquo;adaptent \u00e0 la position de la personne (assise sur un fauteuil ou allong\u00e9e sur un lit).<\/p>\n<p style=\"text-align: justify;\"><span class=\"color_15 wixui-rich-text__text\">La s\u00e9ance de r\u00e9flexologie peut vous accompagner tout au long de votre traitement m\u00e9dical, <span style=\"font-weight: bold;\" class=\"wixui-rich-text__text\">en aucun cas elle ne se substitue \u00e0 lui.<\/span><\/span><\/p>\n<p>[\/et_pb_text][\/et_pb_column][et_pb_column type=\u00a0\u00bb2_5&Prime; _builder_version=\u00a0\u00bb4.27.4&Prime; _module_preset=\u00a0\u00bbdefault\u00a0\u00bb global_colors_info=\u00a0\u00bb{}\u00a0\u00bb][et_pb_image src=\u00a0\u00bbhttps:\/\/agathe-reflexologie.fr\/wp-content\/uploads\/2024\/11\/Capture-decran-2024-11-26-a-10.25.40-flou-bleu-bis.png\u00a0\u00bb title_text=\u00a0\u00bbCapture d\u2019e\u0301cran 2024-11-26 a\u0300 10.25.40 flou bleu bis\u00a0\u00bb _builder_version=\u00a0\u00bb4.27.4&Prime; _module_preset=\u00a0\u00bbdefault\u00a0\u00bb global_colors_info=\u00a0\u00bb{}\u00a0\u00bb][\/et_pb_image][\/et_pb_column][\/et_pb_row][et_pb_row _builder_version=\u00a0\u00bb4.24.2&Prime; _module_preset=\u00a0\u00bbdefault\u00a0\u00bb custom_margin=\u00a0\u00bb25px||||false|false\u00a0\u00bb custom_padding=\u00a0\u00bb||64px|||\u00a0\u00bb global_colors_info=\u00a0\u00bb{}\u00a0\u00bb][et_pb_column type=\u00a0\u00bb4_4&Prime; _builder_version=\u00a0\u00bb4.22.1&Prime; _module_preset=\u00a0\u00bbdefault\u00a0\u00bb global_colors_info=\u00a0\u00bb{}\u00a0\u00bb][\/et_pb_column][\/et_pb_row][\/et_pb_section]<\/p>\n","protected":false},"excerpt":{"rendered":"<p>La r\u00e9flexologie, source de bien-\u00eatreLa r\u00e9flexologie en soin de support est destin\u00e9e au personne fragilis\u00e9e par le cancer et \u00e0 leurs proches. Un accompagnement adapt\u00e9 pour mieux vivre la maladie Une s\u00e9ance de r\u00e9flexologie peut apporter : d\u00e9tente profonde, am\u00e9lioration de la digestion, r\u00e9gularisation du sommeil Pour plus de bien-\u00eatre et pour \u00e9viter les zones [&hellip;]<\/p>\n","protected":false},"author":1,"featured_media":0,"parent":0,"menu_order":0,"comment_status":"closed","ping_status":"closed","template":"","meta":{"_et_pb_use_builder":"on","_et_pb_old_content":"","_et_gb_content_width":""},"yoast_head":"<!-- This site is optimized with the Yoast SEO plugin v21.8.1 - https:\/\/yoast.com\/wordpress\/plugins\/seo\/ -->\n<title>R\u00e9flexologie et Soins de support - Agathe R\u00e9flexologie \u2022 R\u00e9flexologue certifi\u00e9e \u00e0 Nantes<\/title>\n<meta name=\"robots\" content=\"index, follow, max-snippet:-1, max-image-preview:large, max-video-preview:-1\" \/>\n<link rel=\"canonical\" href=\"https:\/\/agathe-reflexologie.fr\/index.php\/reflexologie-et-soins-de-support\/\" \/>\n<meta property=\"og:locale\" content=\"fr_FR\" \/>\n<meta property=\"og:type\" content=\"article\" \/>\n<meta property=\"og:title\" content=\"R\u00e9flexologie et Soins de support - Agathe R\u00e9flexologie \u2022 R\u00e9flexologue certifi\u00e9e \u00e0 Nantes\" \/>\n<meta property=\"og:description\" content=\"La r\u00e9flexologie, source de bien-\u00eatreLa r\u00e9flexologie en soin de support est destin\u00e9e au personne fragilis\u00e9e par le cancer et \u00e0 leurs proches. Un accompagnement adapt\u00e9 pour mieux vivre la maladie Une s\u00e9ance de r\u00e9flexologie peut apporter : d\u00e9tente profonde, am\u00e9lioration de la digestion, r\u00e9gularisation du sommeil Pour plus de bien-\u00eatre et pour \u00e9viter les zones [&hellip;]\" \/>\n<meta property=\"og:url\" content=\"https:\/\/agathe-reflexologie.fr\/index.php\/reflexologie-et-soins-de-support\/\" \/>\n<meta property=\"og:site_name\" content=\"Agathe R\u00e9flexologie \u2022 R\u00e9flexologue certifi\u00e9e \u00e0 Nantes\" \/>\n<meta property=\"article:modified_time\" content=\"2025-03-18T08:45:00+00:00\" \/>\n<meta name=\"twitter:card\" content=\"summary_large_image\" \/>\n<meta name=\"twitter:label1\" content=\"Dur\u00e9e de lecture estim\u00e9e\" \/>\n\t<meta name=\"twitter:data1\" content=\"1 minute\" \/>\n<script type=\"application\/ld+json\" class=\"yoast-schema-graph\">{\"@context\":\"https:\/\/schema.org\",\"@graph\":[{\"@type\":\"WebPage\",\"@id\":\"https:\/\/agathe-reflexologie.fr\/index.php\/reflexologie-et-soins-de-support\/\",\"url\":\"https:\/\/agathe-reflexologie.fr\/index.php\/reflexologie-et-soins-de-support\/\",\"name\":\"R\u00e9flexologie et Soins de support - Agathe R\u00e9flexologie \u2022 R\u00e9flexologue certifi\u00e9e \u00e0 Nantes\",\"isPartOf\":{\"@id\":\"https:\/\/agathe-reflexologie.fr\/#website\"},\"datePublished\":\"2024-11-26T09:34:28+00:00\",\"dateModified\":\"2025-03-18T08:45:00+00:00\",\"breadcrumb\":{\"@id\":\"https:\/\/agathe-reflexologie.fr\/index.php\/reflexologie-et-soins-de-support\/#breadcrumb\"},\"inLanguage\":\"fr-FR\",\"potentialAction\":[{\"@type\":\"ReadAction\",\"target\":[\"https:\/\/agathe-reflexologie.fr\/index.php\/reflexologie-et-soins-de-support\/\"]}]},{\"@type\":\"BreadcrumbList\",\"@id\":\"https:\/\/agathe-reflexologie.fr\/index.php\/reflexologie-et-soins-de-support\/#breadcrumb\",\"itemListElement\":[{\"@type\":\"ListItem\",\"position\":1,\"name\":\"Accueil\",\"item\":\"https:\/\/agathe-reflexologie.fr\/\"},{\"@type\":\"ListItem\",\"position\":2,\"name\":\"R\u00e9flexologie et Soins de support\"}]},{\"@type\":\"WebSite\",\"@id\":\"https:\/\/agathe-reflexologie.fr\/#website\",\"url\":\"https:\/\/agathe-reflexologie.fr\/\",\"name\":\"Agathe R\u00e9flexologie \u2022 R\u00e9flexologue certifi\u00e9e \u00e0 Nantes\",\"description\":\"S\u2019accorder un moment de d\u00e9tente pour am\u00e9liorer son bien-\u00eatre\",\"publisher\":{\"@id\":\"https:\/\/agathe-reflexologie.fr\/#\/schema\/person\/b2b3be7c7e716a0f54e66afa5886dc6b\"},\"potentialAction\":[{\"@type\":\"SearchAction\",\"target\":{\"@type\":\"EntryPoint\",\"urlTemplate\":\"https:\/\/agathe-reflexologie.fr\/?s={search_term_string}\"},\"query-input\":\"required name=search_term_string\"}],\"inLanguage\":\"fr-FR\"},{\"@type\":[\"Person\",\"Organization\"],\"@id\":\"https:\/\/agathe-reflexologie.fr\/#\/schema\/person\/b2b3be7c7e716a0f54e66afa5886dc6b\",\"name\":\"agathe.caudrelier\",\"image\":{\"@type\":\"ImageObject\",\"inLanguage\":\"fr-FR\",\"@id\":\"https:\/\/agathe-reflexologie.fr\/#\/schema\/person\/image\/\",\"url\":\"https:\/\/agathe-reflexologie.fr\/wp-content\/uploads\/2023\/09\/cropped-Logos_Bleu-RVB_Icone.png\",\"contentUrl\":\"https:\/\/agathe-reflexologie.fr\/wp-content\/uploads\/2023\/09\/cropped-Logos_Bleu-RVB_Icone.png\",\"width\":512,\"height\":512,\"caption\":\"agathe.caudrelier\"},\"logo\":{\"@id\":\"https:\/\/agathe-reflexologie.fr\/#\/schema\/person\/image\/\"},\"sameAs\":[\"https:\/\/agathe-reflexologie.fr\"]}]}<\/script>\n<!-- \/ Yoast SEO plugin. -->","yoast_head_json":{"title":"R\u00e9flexologie et Soins de support - Agathe R\u00e9flexologie \u2022 R\u00e9flexologue certifi\u00e9e \u00e0 Nantes","robots":{"index":"index","follow":"follow","max-snippet":"max-snippet:-1","max-image-preview":"max-image-preview:large","max-video-preview":"max-video-preview:-1"},"canonical":"https:\/\/agathe-reflexologie.fr\/index.php\/reflexologie-et-soins-de-support\/","og_locale":"fr_FR","og_type":"article","og_title":"R\u00e9flexologie et Soins de support - Agathe R\u00e9flexologie \u2022 R\u00e9flexologue certifi\u00e9e \u00e0 Nantes","og_description":"La r\u00e9flexologie, source de bien-\u00eatreLa r\u00e9flexologie en soin de support est destin\u00e9e au personne fragilis\u00e9e par le cancer et \u00e0 leurs proches. Un accompagnement adapt\u00e9 pour mieux vivre la maladie Une s\u00e9ance de r\u00e9flexologie peut apporter : d\u00e9tente profonde, am\u00e9lioration de la digestion, r\u00e9gularisation du sommeil Pour plus de bien-\u00eatre et pour \u00e9viter les zones [&hellip;]","og_url":"https:\/\/agathe-reflexologie.fr\/index.php\/reflexologie-et-soins-de-support\/","og_site_name":"Agathe R\u00e9flexologie \u2022 R\u00e9flexologue certifi\u00e9e \u00e0 Nantes","article_modified_time":"2025-03-18T08:45:00+00:00","twitter_card":"summary_large_image","twitter_misc":{"Dur\u00e9e de lecture estim\u00e9e":"1 minute"},"schema":{"@context":"https:\/\/schema.org","@graph":[{"@type":"WebPage","@id":"https:\/\/agathe-reflexologie.fr\/index.php\/reflexologie-et-soins-de-support\/","url":"https:\/\/agathe-reflexologie.fr\/index.php\/reflexologie-et-soins-de-support\/","name":"R\u00e9flexologie et Soins de support - Agathe R\u00e9flexologie \u2022 R\u00e9flexologue certifi\u00e9e \u00e0 Nantes","isPartOf":{"@id":"https:\/\/agathe-reflexologie.fr\/#website"},"datePublished":"2024-11-26T09:34:28+00:00","dateModified":"2025-03-18T08:45:00+00:00","breadcrumb":{"@id":"https:\/\/agathe-reflexologie.fr\/index.php\/reflexologie-et-soins-de-support\/#breadcrumb"},"inLanguage":"fr-FR","potentialAction":[{"@type":"ReadAction","target":["https:\/\/agathe-reflexologie.fr\/index.php\/reflexologie-et-soins-de-support\/"]}]},{"@type":"BreadcrumbList","@id":"https:\/\/agathe-reflexologie.fr\/index.php\/reflexologie-et-soins-de-support\/#breadcrumb","itemListElement":[{"@type":"ListItem","position":1,"name":"Accueil","item":"https:\/\/agathe-reflexologie.fr\/"},{"@type":"ListItem","position":2,"name":"R\u00e9flexologie et Soins de support"}]},{"@type":"WebSite","@id":"https:\/\/agathe-reflexologie.fr\/#website","url":"https:\/\/agathe-reflexologie.fr\/","name":"Agathe R\u00e9flexologie \u2022 R\u00e9flexologue certifi\u00e9e \u00e0 Nantes","description":"S\u2019accorder un moment de d\u00e9tente pour am\u00e9liorer son bien-\u00eatre","publisher":{"@id":"https:\/\/agathe-reflexologie.fr\/#\/schema\/person\/b2b3be7c7e716a0f54e66afa5886dc6b"},"potentialAction":[{"@type":"SearchAction","target":{"@type":"EntryPoint","urlTemplate":"https:\/\/agathe-reflexologie.fr\/?s={search_term_string}"},"query-input":"required name=search_term_string"}],"inLanguage":"fr-FR"},{"@type":["Person","Organization"],"@id":"https:\/\/agathe-reflexologie.fr\/#\/schema\/person\/b2b3be7c7e716a0f54e66afa5886dc6b","name":"agathe.caudrelier","image":{"@type":"ImageObject","inLanguage":"fr-FR","@id":"https:\/\/agathe-reflexologie.fr\/#\/schema\/person\/image\/","url":"https:\/\/agathe-reflexologie.fr\/wp-content\/uploads\/2023\/09\/cropped-Logos_Bleu-RVB_Icone.png","contentUrl":"https:\/\/agathe-reflexologie.fr\/wp-content\/uploads\/2023\/09\/cropped-Logos_Bleu-RVB_Icone.png","width":512,"height":512,"caption":"agathe.caudrelier"},"logo":{"@id":"https:\/\/agathe-reflexologie.fr\/#\/schema\/person\/image\/"},"sameAs":["https:\/\/agathe-reflexologie.fr"]}]}},"_links":{"self":[{"href":"https:\/\/agathe-reflexologie.fr\/index.php\/wp-json\/wp\/v2\/pages\/674"}],"collection":[{"href":"https:\/\/agathe-reflexologie.fr\/index.php\/wp-json\/wp\/v2\/pages"}],"about":[{"href":"https:\/\/agathe-reflexologie.fr\/index.php\/wp-json\/wp\/v2\/types\/page"}],"author":[{"embeddable":true,"href":"https:\/\/agathe-reflexologie.fr\/index.php\/wp-json\/wp\/v2\/users\/1"}],"replies":[{"embeddable":true,"href":"https:\/\/agathe-reflexologie.fr\/index.php\/wp-json\/wp\/v2\/comments?post=674"}],"version-history":[{"count":18,"href":"https:\/\/agathe-reflexologie.fr\/index.php\/wp-json\/wp\/v2\/pages\/674\/revisions"}],"predecessor-version":[{"id":807,"href":"https:\/\/agathe-reflexologie.fr\/index.php\/wp-json\/wp\/v2\/pages\/674\/revisions\/807"}],"wp:attachment":[{"href":"https:\/\/agathe-reflexologie.fr\/index.php\/wp-json\/wp\/v2\/media?parent=674"}],"curies":[{"name":"wp","href":"https:\/\/api.w.org\/{rel}","templated":true}]}}