{"id":757,"date":"2024-12-11T18:51:42","date_gmt":"2024-12-11T17:51:42","guid":{"rendered":"https:\/\/agathe-reflexologie.fr\/?page_id=757"},"modified":"2026-03-18T19:38:19","modified_gmt":"2026-03-18T18:38:19","slug":"uge","status":"publish","type":"page","link":"https:\/\/agathe-reflexologie.fr\/index.php\/uge\/","title":{"rendered":"Universit\u00e9 Gustave Eiffel"},"content":{"rendered":"\n\n[et_pb_section fb_built=\u00a0\u00bb1&Prime; _builder_version=\u00a0\u00bb4.24.2&Prime; _module_preset=\u00a0\u00bbdefault\u00a0\u00bb min_height=\u00a0\u00bb1542.2px\u00a0\u00bb custom_margin=\u00a0\u00bb25px||-14px||false|false\u00a0\u00bb global_colors_info=\u00a0\u00bb{}\u00a0\u00bb][et_pb_row _builder_version=\u00a0\u00bb4.24.2&Prime; _module_preset=\u00a0\u00bbdefault\u00a0\u00bb global_colors_info=\u00a0\u00bb{}\u00a0\u00bb][et_pb_column type=\u00a0\u00bb4_4&Prime; _builder_version=\u00a0\u00bb4.24.2&Prime; _module_preset=\u00a0\u00bbdefault\u00a0\u00bb global_colors_info=\u00a0\u00bb{}\u00a0\u00bb][et_pb_heading title=\u00a0\u00bbLa R\u00e9flexologie sur le site de l&rsquo;universit\u00e9 Gustave Eiffel  \u00e0 Bouguenais\u00a0\u00bb _builder_version=\u00a0\u00bb4.27.4&Prime; _module_preset=\u00a0\u00bbdefault\u00a0\u00bb title_text_align=\u00a0\u00bbcenter\u00a0\u00bb title_text_color=\u00a0\u00bb#757575&Prime; global_colors_info=\u00a0\u00bb{}\u00a0\u00bb][\/et_pb_heading][\/et_pb_column][\/et_pb_row][et_pb_row column_structure=\u00a0\u00bb1_2,1_2&Prime; _builder_version=\u00a0\u00bb4.24.2&Prime; _module_preset=\u00a0\u00bbdefault\u00a0\u00bb global_colors_info=\u00a0\u00bb{}\u00a0\u00bb][et_pb_column type=\u00a0\u00bb1_2&Prime; _builder_version=\u00a0\u00bb4.24.2&Prime; _module_preset=\u00a0\u00bbdefault\u00a0\u00bb global_colors_info=\u00a0\u00bb{}\u00a0\u00bb][et_pb_text _builder_version=\u00a0\u00bb4.27.4&Prime; _module_preset=\u00a0\u00bbdefault\u00a0\u00bb text_font=\u00a0\u00bbPoppins||||||||\u00a0\u00bb inline_fonts=\u00a0\u00bbHomemade Apple\u00a0\u00bb global_colors_info=\u00a0\u00bb{}\u00a0\u00bb]<p style=\"text-align: justify;\"><em><span style=\"color: #808080; font-size: medium;\"><strong>Cette prestation est destin\u00e9e aux agents de l\u2019universit\u00e9 Gustave Eiffel \u00e0 Bouguenais<\/strong>.<\/span><\/em><span style=\"color: #808080; font-size: medium;\"><\/span><\/p>\n<p style=\"text-align: justify;\"><span style=\"color: #808080; font-size: medium;\">Le bien-\u00eatre au travail est un \u00e9tat d\u2019esprit \u00e0 construire dans les administrations. Il agit sur la motivation des agents.<\/span><\/p>\n<p style=\"text-align: justify;\"><span style=\"color: #808080; font-size: medium;\">La mise en place d\u2019une politique de bien-\u00eatre contribue \u00e0 l\u2019\u00e9panouissement professionnel des collaborateurs et limite l\u2019absent\u00e9isme.<\/span><\/p>\n<p style=\"text-align: justify;\"><span style=\"font-family: Homemade Apple;\">Confidentialit\u00e9 \u2022 \u00c9coute \u2022 Bienveillance<\/span><\/p>\n<p style=\"text-align: justify;\"><span style=\"color: #808080; font-size: medium;\">La r\u00e9flexologie permet d\u2019am\u00e9liorer le confort physique et \u00e9motionnel :<\/span><\/p>\n<ul style=\"text-align: justify;\">\n<li><span style=\"font-size: medium; color: #808080;\">Risques psycho-sociaux (RPS)<\/span><\/li>\n<li><span style=\"font-size: medium; color: #808080;\">Troubles musculo-squelettiques (TMS)<\/span><\/li>\n<li><span style=\"font-size: medium; color: #808080;\">Manque de vitalit\u00e9<\/span><\/li>\n<li><span style=\"color: #808080; font-size: medium;\">Besoin de relaxation<\/span><\/li>\n<li><span style=\"color: #808080; font-size: medium;\">Sentiment d\u2019isolement et de s\u00e9dentarit\u00e9 en t\u00e9l\u00e9travail<\/span><\/li>\n<\/ul>\n<p style=\"text-align: justify;\"><span style=\"color: #808080; font-size: medium;\">La s\u00e9ance est adapt\u00e9e aux besoins et la disponibilit\u00e9 des agents.<\/span><\/p>\n<ul>\n<li style=\"text-align: justify;\"><span style=\"color: #808080; font-size: medium;\">D&rsquo;une dur\u00e9e de 30 min, la s\u00e9ance d\u00e9bute par un \u00e9change pour s\u00e9lectionner le protocole, puis le soin peut commencer dans la d\u00e9tente et en fin de s\u00e9ance des points d\u2019auto-stimulation sont enseign\u00e9s \u00e0 l&rsquo;agent pour prolonger le soin et le rendre acteur de son bien-\u00eatre.<\/span><\/li>\n<li style=\"text-align: justify;\"><span style=\"color: #808080; font-size: medium;\">D&rsquo;une dur\u00e9e de 60 min, l&rsquo;\u00e9change sera plus approfondi pour \u00e9tablir un protocole personnalis\u00e9. Le soin d\u00e9bute en douceur et des points d&rsquo;autostimulation seront enseign\u00e9s en fin de s\u00e9ance.<br \/><\/span><\/li>\n<\/ul>\n<p style=\"text-align: justify;\"><span style=\"color: #808080; font-size: medium;\">Les s\u00e9ances sont pratiquer dans un cadre professionnel et respectueux du bien-\u00eatre du b\u00e9n\u00e9ficiaire. Un espace d\u00e9di\u00e9 sera mis \u00e0 disposition. Le mat\u00e9riel est fourni.<\/span><span style=\"color: #808080; font-size: medium;\"><\/span><\/p>\n<h4 style=\"text-align: justify;\"><span style=\"font-size: medium; color: #808080;\"><strong>Important :<\/strong><span style=\"text-decoration: underline;\"><em><a href=\"https:\/\/eir-formation.com\/\" style=\"color: #808080; text-decoration: underline;\"><strong><\/strong><\/a><\/em><\/span><\/span><\/h4>\n<p style=\"text-align: justify;\"><span style=\"font-size: medium; color: #808080;\">La r\u00e9flexologie ne se substitue en aucun cas \u00e0 un diagnostic ou un traitement m\u00e9dical ou param\u00e9dical. Le praticien ne peut pas faire de diagnostic, ni modifier un traitement ou participer \u00e0 la d\u00e9cision d&rsquo;un professionnel de la sant\u00e9.<\/span><\/p>\n<p style=\"text-align: justify;\"><span style=\"color: #808080; font-size: medium;\"><\/span><\/p>\n<p style=\"text-align: justify;\"><span style=\"color: #808080; font-size: medium;\"><\/span><\/p>\n<p><span style=\"color: #808080;\"><\/span><\/p>[\/et_pb_text][et_pb_button button_url=\u00a0\u00bbhttps:\/\/calendly.com\/contact-agathe-reflexologie\/30min\u00a0\u00bb button_text=\u00a0\u00bbPrendre rendez-vous\u00a0\u00bb _builder_version=\u00a0\u00bb4.27.4&Prime; _module_preset=\u00a0\u00bbdefault\u00a0\u00bb custom_button=\u00a0\u00bbon\u00a0\u00bb button_text_color=\u00a0\u00bb#FFFFFF\u00a0\u00bb button_bg_color=\u00a0\u00bb#0a77b2&Prime; button_border_width=\u00a0\u00bb0px\u00a0\u00bb button_border_radius=\u00a0\u00bb25px\u00a0\u00bb button_icon_placement=\u00a0\u00bbleft\u00a0\u00bb background_layout=\u00a0\u00bbdark\u00a0\u00bb box_shadow_style=\u00a0\u00bbpreset1&Prime; global_colors_info=\u00a0\u00bb{}\u00a0\u00bb][\/et_pb_button][\/et_pb_column][et_pb_column type=\u00a0\u00bb1_2&Prime; _builder_version=\u00a0\u00bb4.24.2&Prime; _module_preset=\u00a0\u00bbdefault\u00a0\u00bb global_colors_info=\u00a0\u00bb{}\u00a0\u00bb][et_pb_image src=\u00a0\u00bbhttps:\/\/agathe-reflexologie.fr\/wp-content\/uploads\/2023\/10\/Reflexologie-visage.jpg\u00a0\u00bb title_text=\u00a0\u00bbReflexologie-visage\u00a0\u00bb _builder_version=\u00a0\u00bb4.24.2&Prime; _module_preset=\u00a0\u00bbdefault\u00a0\u00bb transform_scale=\u00a0\u00bb98%|98%\u00a0\u00bb transform_translate=\u00a0\u00bb11px|-38px\u00a0\u00bb transform_rotate=\u00a0\u00bb359deg|0deg|0deg\u00a0\u00bb border_radii=\u00a0\u00bbon|320px|320px|320px|320px\u00a0\u00bb global_colors_info=\u00a0\u00bb{}\u00a0\u00bb][\/et_pb_image][\/et_pb_column][\/et_pb_row][et_pb_row column_structure=\u00a0\u00bb1_2,1_2&Prime; _builder_version=\u00a0\u00bb4.24.2&Prime; _module_preset=\u00a0\u00bbdefault\u00a0\u00bb global_colors_info=\u00a0\u00bb{}\u00a0\u00bb][et_pb_column type=\u00a0\u00bb1_2&Prime; _builder_version=\u00a0\u00bb4.24.2&Prime; _module_preset=\u00a0\u00bbdefault\u00a0\u00bb global_colors_info=\u00a0\u00bb{}\u00a0\u00bb][et_pb_text _builder_version=\u00a0\u00bb4.24.2&Prime; _module_preset=\u00a0\u00bbdefault\u00a0\u00bb background_image=\u00a0\u00bbhttps:\/\/agathe-reflexologie.fr\/wp-content\/uploads\/2023\/09\/bg-1.jpg\u00a0\u00bb custom_margin=\u00a0\u00bb17px||||false|false\u00a0\u00bb global_colors_info=\u00a0\u00bb{}\u00a0\u00bb]<p><img decoding=\"async\" loading=\"lazy\" src=\"https:\/\/agathe-reflexologie.fr\/wp-content\/uploads\/2023\/10\/Logo_Blanc-Agathe-Reflexologie-300x225.png\" alt=\"\" class=\"wp-image-269 alignnone size-medium\" style=\"display: block; margin-left: auto; margin-right: auto;\" width=\"300\" height=\"225\" \/><\/p>\n<p style=\"text-align: center;\"><a href=\"mailto:contact@agathe-reflexologie.fr\"><span style=\"color: #ffffff;\">contact@agathe-reflexologie.fr<\/span><\/a><\/p>[\/et_pb_text][\/et_pb_column][et_pb_column type=\u00a0\u00bb1_2&Prime; _builder_version=\u00a0\u00bb4.24.2&Prime; _module_preset=\u00a0\u00bbdefault\u00a0\u00bb global_colors_info=\u00a0\u00bb{}\u00a0\u00bb][et_pb_text _builder_version=\u00a0\u00bb4.27.4&Prime; _module_preset=\u00a0\u00bbdefault\u00a0\u00bb global_colors_info=\u00a0\u00bb{}\u00a0\u00bb]<p style=\"text-align: justify;\">Agathe est pr\u00e9sente :<strong><\/strong><\/p>\n<p><span style=\"text-decoration: underline;\"><strong>Tous les<\/strong><\/span><strong><span style=\"text-decoration: underline;\"> mardis de 11h00 \u00e0 15h00<\/span> <\/strong><strong>sur le site de l&rsquo;universit\u00e9 Gustave Eiffel \u00e0 Bouguenais (B\u00e2timent situ\u00e9 derri\u00e8re l&rsquo;accueil)<\/strong>.<\/p>\n<p><span style=\"color: #993366;\"><strong>Si vous souhaitez une s\u00e9ance personnalis\u00e9e de 60 min, merci de prendre 2 cr\u00e9neaux cons\u00e9cutifs.<\/strong><\/span><\/p>\n<p style=\"text-align: justify;\">Le tarif est de 20 \u20ac les 30 min et 40 \u20ac les 60 min.<\/p>\n<p style=\"text-align: justify;\">Le r\u00e8glement est possible par carte bancaire, par ch\u00e8que et en liquide (merci de faire l&rsquo;appoint pour ce mode de paiement).<\/p>[\/et_pb_text][et_pb_button button_url=\u00a0\u00bbhttps:\/\/calendly.com\/contact-agathe-reflexologie\/30min\u00a0\u00bb button_text=\u00a0\u00bbPrendre rendez-vous\u00a0\u00bb _builder_version=\u00a0\u00bb4.27.4&Prime; _module_preset=\u00a0\u00bbdefault\u00a0\u00bb custom_button=\u00a0\u00bbon\u00a0\u00bb button_text_color=\u00a0\u00bb#FFFFFF\u00a0\u00bb button_bg_color=\u00a0\u00bb#0a77b2&Prime; button_border_width=\u00a0\u00bb0px\u00a0\u00bb button_border_radius=\u00a0\u00bb25px\u00a0\u00bb button_icon_placement=\u00a0\u00bbleft\u00a0\u00bb background_layout=\u00a0\u00bbdark\u00a0\u00bb box_shadow_style=\u00a0\u00bbpreset1&Prime; global_colors_info=\u00a0\u00bb{}\u00a0\u00bb][\/et_pb_button][\/et_pb_column][\/et_pb_row][\/et_pb_section]\n\n","protected":false},"excerpt":{"rendered":"<p>Cette prestation est destin\u00e9e aux agents de l\u2019universit\u00e9 Gustave Eiffel \u00e0 Bouguenais. Le bien-\u00eatre au travail est un \u00e9tat d\u2019esprit \u00e0 construire dans les administrations. Il agit sur la motivation des agents. La mise en place d\u2019une politique de bien-\u00eatre contribue \u00e0 l\u2019\u00e9panouissement professionnel des collaborateurs et limite l\u2019absent\u00e9isme. Confidentialit\u00e9 \u2022 \u00c9coute \u2022 Bienveillance La [&hellip;]<\/p>\n","protected":false},"author":1,"featured_media":0,"parent":0,"menu_order":0,"comment_status":"closed","ping_status":"closed","template":"","meta":{"_et_pb_use_builder":"on","_et_pb_old_content":"","_et_gb_content_width":""},"yoast_head":"<!-- This site is optimized with the Yoast SEO plugin v21.8.1 - https:\/\/yoast.com\/wordpress\/plugins\/seo\/ -->\n<title>Universit\u00e9 Gustave Eiffel - Agathe R\u00e9flexologie \u2022 R\u00e9flexologue certifi\u00e9e \u00e0 Nantes<\/title>\n<meta name=\"robots\" content=\"index, follow, max-snippet:-1, max-image-preview:large, max-video-preview:-1\" \/>\n<link rel=\"canonical\" href=\"https:\/\/agathe-reflexologie.fr\/index.php\/uge\/\" \/>\n<meta property=\"og:locale\" content=\"fr_FR\" \/>\n<meta property=\"og:type\" content=\"article\" \/>\n<meta property=\"og:title\" content=\"Universit\u00e9 Gustave Eiffel - Agathe R\u00e9flexologie \u2022 R\u00e9flexologue certifi\u00e9e \u00e0 Nantes\" \/>\n<meta property=\"og:description\" content=\"Cette prestation est destin\u00e9e aux agents de l\u2019universit\u00e9 Gustave Eiffel \u00e0 Bouguenais. Le bien-\u00eatre au travail est un \u00e9tat d\u2019esprit \u00e0 construire dans les administrations. Il agit sur la motivation des agents. La mise en place d\u2019une politique de bien-\u00eatre contribue \u00e0 l\u2019\u00e9panouissement professionnel des collaborateurs et limite l\u2019absent\u00e9isme. Confidentialit\u00e9 \u2022 \u00c9coute \u2022 Bienveillance La [&hellip;]\" \/>\n<meta property=\"og:url\" content=\"https:\/\/agathe-reflexologie.fr\/index.php\/uge\/\" \/>\n<meta property=\"og:site_name\" content=\"Agathe R\u00e9flexologie \u2022 R\u00e9flexologue certifi\u00e9e \u00e0 Nantes\" \/>\n<meta property=\"article:modified_time\" content=\"2026-03-18T18:38:19+00:00\" \/>\n<meta property=\"og:image\" content=\"https:\/\/agathe-reflexologie.fr\/wp-content\/uploads\/2023\/10\/Logo_Blanc-Agathe-Reflexologie-300x225.png\" \/>\n<meta name=\"twitter:card\" content=\"summary_large_image\" \/>\n<meta name=\"twitter:label1\" content=\"Dur\u00e9e de lecture estim\u00e9e\" \/>\n\t<meta name=\"twitter:data1\" content=\"3 minutes\" \/>\n<script type=\"application\/ld+json\" class=\"yoast-schema-graph\">{\"@context\":\"https:\/\/schema.org\",\"@graph\":[{\"@type\":\"WebPage\",\"@id\":\"https:\/\/agathe-reflexologie.fr\/index.php\/uge\/\",\"url\":\"https:\/\/agathe-reflexologie.fr\/index.php\/uge\/\",\"name\":\"Universit\u00e9 Gustave Eiffel - Agathe R\u00e9flexologie \u2022 R\u00e9flexologue certifi\u00e9e \u00e0 Nantes\",\"isPartOf\":{\"@id\":\"https:\/\/agathe-reflexologie.fr\/#website\"},\"datePublished\":\"2024-12-11T17:51:42+00:00\",\"dateModified\":\"2026-03-18T18:38:19+00:00\",\"breadcrumb\":{\"@id\":\"https:\/\/agathe-reflexologie.fr\/index.php\/uge\/#breadcrumb\"},\"inLanguage\":\"fr-FR\",\"potentialAction\":[{\"@type\":\"ReadAction\",\"target\":[\"https:\/\/agathe-reflexologie.fr\/index.php\/uge\/\"]}]},{\"@type\":\"BreadcrumbList\",\"@id\":\"https:\/\/agathe-reflexologie.fr\/index.php\/uge\/#breadcrumb\",\"itemListElement\":[{\"@type\":\"ListItem\",\"position\":1,\"name\":\"Accueil\",\"item\":\"https:\/\/agathe-reflexologie.fr\/\"},{\"@type\":\"ListItem\",\"position\":2,\"name\":\"Universit\u00e9 Gustave Eiffel\"}]},{\"@type\":\"WebSite\",\"@id\":\"https:\/\/agathe-reflexologie.fr\/#website\",\"url\":\"https:\/\/agathe-reflexologie.fr\/\",\"name\":\"Agathe R\u00e9flexologie \u2022 R\u00e9flexologue certifi\u00e9e \u00e0 Nantes\",\"description\":\"S\u2019accorder un moment de d\u00e9tente pour am\u00e9liorer son bien-\u00eatre\",\"publisher\":{\"@id\":\"https:\/\/agathe-reflexologie.fr\/#\/schema\/person\/b2b3be7c7e716a0f54e66afa5886dc6b\"},\"potentialAction\":[{\"@type\":\"SearchAction\",\"target\":{\"@type\":\"EntryPoint\",\"urlTemplate\":\"https:\/\/agathe-reflexologie.fr\/?s={search_term_string}\"},\"query-input\":\"required name=search_term_string\"}],\"inLanguage\":\"fr-FR\"},{\"@type\":[\"Person\",\"Organization\"],\"@id\":\"https:\/\/agathe-reflexologie.fr\/#\/schema\/person\/b2b3be7c7e716a0f54e66afa5886dc6b\",\"name\":\"agathe.caudrelier\",\"image\":{\"@type\":\"ImageObject\",\"inLanguage\":\"fr-FR\",\"@id\":\"https:\/\/agathe-reflexologie.fr\/#\/schema\/person\/image\/\",\"url\":\"https:\/\/agathe-reflexologie.fr\/wp-content\/uploads\/2023\/09\/cropped-Logos_Bleu-RVB_Icone.png\",\"contentUrl\":\"https:\/\/agathe-reflexologie.fr\/wp-content\/uploads\/2023\/09\/cropped-Logos_Bleu-RVB_Icone.png\",\"width\":512,\"height\":512,\"caption\":\"agathe.caudrelier\"},\"logo\":{\"@id\":\"https:\/\/agathe-reflexologie.fr\/#\/schema\/person\/image\/\"},\"sameAs\":[\"https:\/\/agathe-reflexologie.fr\"]}]}<\/script>\n<!-- \/ Yoast SEO plugin. -->","yoast_head_json":{"title":"Universit\u00e9 Gustave Eiffel - Agathe R\u00e9flexologie \u2022 R\u00e9flexologue certifi\u00e9e \u00e0 Nantes","robots":{"index":"index","follow":"follow","max-snippet":"max-snippet:-1","max-image-preview":"max-image-preview:large","max-video-preview":"max-video-preview:-1"},"canonical":"https:\/\/agathe-reflexologie.fr\/index.php\/uge\/","og_locale":"fr_FR","og_type":"article","og_title":"Universit\u00e9 Gustave Eiffel - Agathe R\u00e9flexologie \u2022 R\u00e9flexologue certifi\u00e9e \u00e0 Nantes","og_description":"Cette prestation est destin\u00e9e aux agents de l\u2019universit\u00e9 Gustave Eiffel \u00e0 Bouguenais. Le bien-\u00eatre au travail est un \u00e9tat d\u2019esprit \u00e0 construire dans les administrations. Il agit sur la motivation des agents. La mise en place d\u2019une politique de bien-\u00eatre contribue \u00e0 l\u2019\u00e9panouissement professionnel des collaborateurs et limite l\u2019absent\u00e9isme. Confidentialit\u00e9 \u2022 \u00c9coute \u2022 Bienveillance La [&hellip;]","og_url":"https:\/\/agathe-reflexologie.fr\/index.php\/uge\/","og_site_name":"Agathe R\u00e9flexologie \u2022 R\u00e9flexologue certifi\u00e9e \u00e0 Nantes","article_modified_time":"2026-03-18T18:38:19+00:00","og_image":[{"url":"https:\/\/agathe-reflexologie.fr\/wp-content\/uploads\/2023\/10\/Logo_Blanc-Agathe-Reflexologie-300x225.png"}],"twitter_card":"summary_large_image","twitter_misc":{"Dur\u00e9e de lecture estim\u00e9e":"3 minutes"},"schema":{"@context":"https:\/\/schema.org","@graph":[{"@type":"WebPage","@id":"https:\/\/agathe-reflexologie.fr\/index.php\/uge\/","url":"https:\/\/agathe-reflexologie.fr\/index.php\/uge\/","name":"Universit\u00e9 Gustave Eiffel - Agathe R\u00e9flexologie \u2022 R\u00e9flexologue certifi\u00e9e \u00e0 Nantes","isPartOf":{"@id":"https:\/\/agathe-reflexologie.fr\/#website"},"datePublished":"2024-12-11T17:51:42+00:00","dateModified":"2026-03-18T18:38:19+00:00","breadcrumb":{"@id":"https:\/\/agathe-reflexologie.fr\/index.php\/uge\/#breadcrumb"},"inLanguage":"fr-FR","potentialAction":[{"@type":"ReadAction","target":["https:\/\/agathe-reflexologie.fr\/index.php\/uge\/"]}]},{"@type":"BreadcrumbList","@id":"https:\/\/agathe-reflexologie.fr\/index.php\/uge\/#breadcrumb","itemListElement":[{"@type":"ListItem","position":1,"name":"Accueil","item":"https:\/\/agathe-reflexologie.fr\/"},{"@type":"ListItem","position":2,"name":"Universit\u00e9 Gustave Eiffel"}]},{"@type":"WebSite","@id":"https:\/\/agathe-reflexologie.fr\/#website","url":"https:\/\/agathe-reflexologie.fr\/","name":"Agathe R\u00e9flexologie \u2022 R\u00e9flexologue certifi\u00e9e \u00e0 Nantes","description":"S\u2019accorder un moment de d\u00e9tente pour am\u00e9liorer son bien-\u00eatre","publisher":{"@id":"https:\/\/agathe-reflexologie.fr\/#\/schema\/person\/b2b3be7c7e716a0f54e66afa5886dc6b"},"potentialAction":[{"@type":"SearchAction","target":{"@type":"EntryPoint","urlTemplate":"https:\/\/agathe-reflexologie.fr\/?s={search_term_string}"},"query-input":"required name=search_term_string"}],"inLanguage":"fr-FR"},{"@type":["Person","Organization"],"@id":"https:\/\/agathe-reflexologie.fr\/#\/schema\/person\/b2b3be7c7e716a0f54e66afa5886dc6b","name":"agathe.caudrelier","image":{"@type":"ImageObject","inLanguage":"fr-FR","@id":"https:\/\/agathe-reflexologie.fr\/#\/schema\/person\/image\/","url":"https:\/\/agathe-reflexologie.fr\/wp-content\/uploads\/2023\/09\/cropped-Logos_Bleu-RVB_Icone.png","contentUrl":"https:\/\/agathe-reflexologie.fr\/wp-content\/uploads\/2023\/09\/cropped-Logos_Bleu-RVB_Icone.png","width":512,"height":512,"caption":"agathe.caudrelier"},"logo":{"@id":"https:\/\/agathe-reflexologie.fr\/#\/schema\/person\/image\/"},"sameAs":["https:\/\/agathe-reflexologie.fr"]}]}},"_links":{"self":[{"href":"https:\/\/agathe-reflexologie.fr\/index.php\/wp-json\/wp\/v2\/pages\/757"}],"collection":[{"href":"https:\/\/agathe-reflexologie.fr\/index.php\/wp-json\/wp\/v2\/pages"}],"about":[{"href":"https:\/\/agathe-reflexologie.fr\/index.php\/wp-json\/wp\/v2\/types\/page"}],"author":[{"embeddable":true,"href":"https:\/\/agathe-reflexologie.fr\/index.php\/wp-json\/wp\/v2\/users\/1"}],"replies":[{"embeddable":true,"href":"https:\/\/agathe-reflexologie.fr\/index.php\/wp-json\/wp\/v2\/comments?post=757"}],"version-history":[{"count":21,"href":"https:\/\/agathe-reflexologie.fr\/index.php\/wp-json\/wp\/v2\/pages\/757\/revisions"}],"predecessor-version":[{"id":823,"href":"https:\/\/agathe-reflexologie.fr\/index.php\/wp-json\/wp\/v2\/pages\/757\/revisions\/823"}],"wp:attachment":[{"href":"https:\/\/agathe-reflexologie.fr\/index.php\/wp-json\/wp\/v2\/media?parent=757"}],"curies":[{"name":"wp","href":"https:\/\/api.w.org\/{rel}","templated":true}]}}